{"id":18,"date":"2024-10-24T10:16:06","date_gmt":"2024-10-24T10:16:06","guid":{"rendered":"http:\/\/localhost:10003\/?page_id=18"},"modified":"2025-06-16T21:06:27","modified_gmt":"2025-06-16T19:06:27","slug":"service","status":"publish","type":"page","link":"https:\/\/hellwage-kommunikation.de\/en\/service\/","title":{"rendered":"Service"},"content":{"rendered":"<h1 class=\"wp-block-heading\">We Tell Your Success Story<\/h1>\n\n\n\n<p>Your innovations are making the world a better place.<br>We make sure the world hears about them. Together, we tell the story of your complex projects and products \u2013 helping drive your success.<\/p>","protected":false},"excerpt":{"rendered":"<p>Wir schreiben Ihre Erfolgsgeschichte Mit Ihren Innovationen machen Sie die Welt besser. Wir sorgen daf\u00fcr,dass die Welt davon erf\u00e4hrt. Gemeinsam erz\u00e4hlen wir die Geschichte Ihrer komplexen Projekte und Produkte \u2013 und tragen so zu Ihrem&#8230; &nbsp; <a class=\"read-more\" style=\"text-decoration: none;font-weight: 700;\" href=\"https:\/\/hellwage-kommunikation.de\/en\/service\/\"><svg fill=\"#BEA500\" width=\"12px\" height=\"12px\" viewbox=\"0 0 512 512\" xmlns=\"http:\/\/www.w3.org\/2000\/svg\"><path d=\"M256 8c137 0 248 111 248 248S393 504 256 504 8 393 8 256 119 8 256 8zm-28.9 143.6l75.5 72.4H120c-13.3 0-24 10.7-24 24v16c0 13.3 10.7 24 24 24h182.6l-75.5 72.4c-9.7 9.3-9.9 24.8-.4 34.3l11 10.9c9.4 9.4 24.6 9.4 33.9 0L404.3 273c9.4-9.4 9.4-24.6 0-33.9L271.6 106.3c-9.4-9.4-24.6-9.4-33.9 0l-11 10.9c-9.5 9.6-9.3 25.1.4 34.4z\"\/><\/svg>&nbsp; Weiterlesen<\/a><\/p>","protected":false},"author":1,"featured_media":89,"parent":0,"menu_order":0,"comment_status":"closed","ping_status":"closed","template":"","meta":{"footnotes":""},"class_list":["post-18","page","type-page","status-publish","has-post-thumbnail","hentry"],"aioseo_notices":[],"_links":{"self":[{"href":"https:\/\/hellwage-kommunikation.de\/en\/wp-json\/wp\/v2\/pages\/18","targetHints":{"allow":["GET"]}}],"collection":[{"href":"https:\/\/hellwage-kommunikation.de\/en\/wp-json\/wp\/v2\/pages"}],"about":[{"href":"https:\/\/hellwage-kommunikation.de\/en\/wp-json\/wp\/v2\/types\/page"}],"author":[{"embeddable":true,"href":"https:\/\/hellwage-kommunikation.de\/en\/wp-json\/wp\/v2\/users\/1"}],"replies":[{"embeddable":true,"href":"https:\/\/hellwage-kommunikation.de\/en\/wp-json\/wp\/v2\/comments?post=18"}],"version-history":[{"count":4,"href":"https:\/\/hellwage-kommunikation.de\/en\/wp-json\/wp\/v2\/pages\/18\/revisions"}],"predecessor-version":[{"id":138,"href":"https:\/\/hellwage-kommunikation.de\/en\/wp-json\/wp\/v2\/pages\/18\/revisions\/138"}],"wp:featuredmedia":[{"embeddable":true,"href":"https:\/\/hellwage-kommunikation.de\/en\/wp-json\/wp\/v2\/media\/89"}],"wp:attachment":[{"href":"https:\/\/hellwage-kommunikation.de\/en\/wp-json\/wp\/v2\/media?parent=18"}],"curies":[{"name":"wp","href":"https:\/\/api.w.org\/{rel}","templated":true}]}}