{"id":340,"date":"2025-05-22T18:38:46","date_gmt":"2025-05-22T16:38:46","guid":{"rendered":"http:\/\/localhost:8888\/?page_id=340"},"modified":"2025-06-17T10:59:47","modified_gmt":"2025-06-17T08:59:47","slug":"oeffentlichkeitsarbeit","status":"publish","type":"page","link":"https:\/\/hellwage-kommunikation.de\/en\/service\/oeffentlichkeitsarbeit\/","title":{"rendered":"Public Relations"},"content":{"rendered":"<h2 class=\"wp-block-heading\">Creating Visibility \u2013 Reaching the Right Target Groups<\/h2>\n\n\n\n<p>You're researching, developing, or building a business. To succeed, your innovations need to be seen and understood. Public relations is about more than good intentions. It requires clear strategy, creative ideas, and a smart plan. I help you bring your topics into the public eye.<\/p>\n\n\n\n<h2 class=\"wp-block-heading\">For start-ups, companies, and research institutions<\/h2>\n\n\n\n<p>Every organization, whether a tech startup, mid-sized company, academic network, or research institute, faces unique communication challenges. Together, we\u2019ll find the best way to share your message clearly, effectively, and across the right mix of media.<\/p>\n\n\n\n<h3 class=\"wp-block-heading\">I WORK WITH<\/h3>\n\n\n\n<ul class=\"wp-block-list\">\n<li>Start-ups &amp; spin-offs taking their first steps in communication<\/li>\n\n\n\n<li>SMEs &amp; companies with complex technologies, e.g., entering new markets<\/li>\n\n\n\n<li>Universities, research institutes &amp; programs (e.g., research clusters, centers of excellence)<\/li>\n\n\n\n<li>Industry networks and associations<\/li>\n<\/ul>","protected":false},"excerpt":{"rendered":"<p>Sichtbarkeit schaffen &#8211; bei den richtigen Zielgruppen Sie forschen, entwickeln oder gr\u00fcnden. Damit Sie Erfolg haben, m\u00fcssen Ihre Innovationen gesehen und verstanden werden. Ihre \u00d6ffentlichkeitsarbeit braucht mehr als gute Absichten. Sie ben\u00f6tigt eine klare Strategie,&#8230; &nbsp; <a class=\"read-more\" style=\"text-decoration: none;font-weight: 700;\" href=\"https:\/\/hellwage-kommunikation.de\/en\/service\/oeffentlichkeitsarbeit\/\"><svg fill=\"#BEA500\" width=\"12px\" height=\"12px\" viewbox=\"0 0 512 512\" xmlns=\"http:\/\/www.w3.org\/2000\/svg\"><path d=\"M256 8c137 0 248 111 248 248S393 504 256 504 8 393 8 256 119 8 256 8zm-28.9 143.6l75.5 72.4H120c-13.3 0-24 10.7-24 24v16c0 13.3 10.7 24 24 24h182.6l-75.5 72.4c-9.7 9.3-9.9 24.8-.4 34.3l11 10.9c9.4 9.4 24.6 9.4 33.9 0L404.3 273c9.4-9.4 9.4-24.6 0-33.9L271.6 106.3c-9.4-9.4-24.6-9.4-33.9 0l-11 10.9c-9.5 9.6-9.3 25.1.4 34.4z\"\/><\/svg>&nbsp; Weiterlesen<\/a><\/p>","protected":false},"author":1,"featured_media":436,"parent":18,"menu_order":0,"comment_status":"closed","ping_status":"closed","template":"","meta":{"footnotes":""},"class_list":["post-340","page","type-page","status-publish","has-post-thumbnail","hentry"],"aioseo_notices":[],"_links":{"self":[{"href":"https:\/\/hellwage-kommunikation.de\/en\/wp-json\/wp\/v2\/pages\/340","targetHints":{"allow":["GET"]}}],"collection":[{"href":"https:\/\/hellwage-kommunikation.de\/en\/wp-json\/wp\/v2\/pages"}],"about":[{"href":"https:\/\/hellwage-kommunikation.de\/en\/wp-json\/wp\/v2\/types\/page"}],"author":[{"embeddable":true,"href":"https:\/\/hellwage-kommunikation.de\/en\/wp-json\/wp\/v2\/users\/1"}],"replies":[{"embeddable":true,"href":"https:\/\/hellwage-kommunikation.de\/en\/wp-json\/wp\/v2\/comments?post=340"}],"version-history":[{"count":2,"href":"https:\/\/hellwage-kommunikation.de\/en\/wp-json\/wp\/v2\/pages\/340\/revisions"}],"predecessor-version":[{"id":435,"href":"https:\/\/hellwage-kommunikation.de\/en\/wp-json\/wp\/v2\/pages\/340\/revisions\/435"}],"up":[{"embeddable":true,"href":"https:\/\/hellwage-kommunikation.de\/en\/wp-json\/wp\/v2\/pages\/18"}],"wp:featuredmedia":[{"embeddable":true,"href":"https:\/\/hellwage-kommunikation.de\/en\/wp-json\/wp\/v2\/media\/436"}],"wp:attachment":[{"href":"https:\/\/hellwage-kommunikation.de\/en\/wp-json\/wp\/v2\/media?parent=340"}],"curies":[{"name":"wp","href":"https:\/\/api.w.org\/{rel}","templated":true}]}}