{"id":343,"date":"2025-05-22T18:40:19","date_gmt":"2025-05-22T16:40:19","guid":{"rendered":"http:\/\/localhost:8888\/?page_id=343"},"modified":"2025-06-24T11:11:31","modified_gmt":"2025-06-24T09:11:31","slug":"kommunikationsberatung","status":"publish","type":"page","link":"https:\/\/hellwage-kommunikation.de\/en\/service\/kommunikationsberatung\/","title":{"rendered":"Communication Consulting"},"content":{"rendered":"<h2 class=\"wp-block-heading\">For Universities and Research Institutions \u2013<br>Strategic and Science-Oriented Communication<\/h2>\n\n\n\n<p>Your research deserves attention. But how do you turn an idea into a compelling message? Are you looking for solutions or inspiration to improve your institute\u2019s public image, promote a research project, or position a new technology platform? Benefit from my extensive experience and get expert support from Hellwage Kommunikation. Together, we\u2019ll assess your current situation and goals, identify target audiences and communication needs, and develop a solid strategy to significantly boost your visibility. Even if you just need help optimizing individual texts or your press outreach, feel free to contact me.<\/p>\n\n\n\n<p class=\"has-text-color has-link-color wp-elements-2943f7d15ccf75047afaffd25ecdfe89\" style=\"color:#bda500\"><strong>You may be eligible for funding support. The Thuringian Consulting Directive covers up to 50% of consulting fees. Research institutions organized as non-profit companies (gGmbH) or non-profit associations may qualify if they also provide commercial services.<\/strong><\/p>\n\n\n\n<h3 class=\"wp-block-heading\">My services for universities and research institutions<\/h3>\n\n\n\n<ul class=\"wp-block-list\">\n<li>Strategic consulting for institutes, research projects, networks, and clusters \u2013 focused on communication<\/li>\n\n\n\n<li>Target audience analysis &amp; positioning of (research) topics<\/li>\n\n\n\n<li>Development of communication strategies<\/li>\n\n\n\n<li>Support for internal communication across institutions or networks with various stakeholders<\/li>\n\n\n\n<li>Consulting on corporate language: clear, accessible, and audience-oriented<\/li>\n\n\n\n<li>Editorial support for reports, program brochures, and other materials<\/li>\n\n\n\n<li>Consulting on media relations &amp; press outreach for events, studies, or research results<\/li>\n\n\n\n<li>Content creation for press releases, websites, project communication &amp; grant-funded initiatives<\/li>\n<\/ul>\n\n\n\n<hr class=\"wp-block-separator has-alpha-channel-opacity\"\/>\n\n\n\n<h2 class=\"wp-block-heading\">For start-ups and spin-offs \u2013<br>communication with a strategy right from the start<\/h2>\n\n\n\n<p>You\u2019ve got a strong idea. Let\u2019s tell the world about it!\nEspecially in the early stages of a research-based startup or innovative project, communication is key. I help you articulate your vision clearly and effectively to funding providers, investors, partners, and initial customers.<\/p>\n\n\n\n<h3 class=\"wp-block-heading\">Science communication meets start-up expertise<\/h3>\n\n\n\n<p>Whether you\u2019re launching a spin-off, academic startup, or tech-driven business, communication is more than just a mandatory business plan requirement. It\u2019s a strategic tool. I provide structured, personalized advice and can also assist with drafting the communication and marketing sections of your funding or financing proposals.<\/p>\n\n\n\n<p class=\"has-text-color has-link-color wp-elements-5a19bfbc26f172fa639898ab59dcd6d7\" style=\"color:#bda500\"><strong>You may be eligible for funding support. The Thuringian Startup Directive covers up to 80% of consulting costs for new business ventures or takeovers.<\/strong><\/p>\n\n\n\n<h3 class=\"wp-block-heading\">My services for start-ups and research teams<\/h3>\n\n\n\n<ul class=\"wp-block-list\">\n<li>Target audience analysis &amp; communication strategy<\/li>\n\n\n\n<li>Building a consistent brand message<\/li>\n\n\n\n<li>Strategic consulting on PR &amp; media outreach<\/li>\n\n\n\n<li>Concrete action planning for launch, pilot phases &amp; market entry<\/li>\n\n\n\n<li>Text modules for business plans, grant proposals, or pitch decks<\/li>\n<\/ul>\n\n\n\n<p>Together with partner agencies, I also support you in developing your corporate design and setting up your own web presence.<\/p>","protected":false},"excerpt":{"rendered":"<p>F\u00fcr Hochschulen und Forschungseinrichtungen &#8211;Strategisch und wissenschaftsnah kommunizieren Ihre Forschung verdient Aufmerksamkeit. Doch wie wird aus einer Idee eine \u00fcberzeugende Botschaft? Sie suchen L\u00f6sungen oder neue Anregungen f\u00fcr die Au\u00dfendarstellung Ihres Instituts oder eines Forschungsvorhabens&#8230; &nbsp; <a class=\"read-more\" style=\"text-decoration: none;font-weight: 700;\" href=\"https:\/\/hellwage-kommunikation.de\/en\/service\/kommunikationsberatung\/\"><svg fill=\"#BEA500\" width=\"12px\" height=\"12px\" viewbox=\"0 0 512 512\" xmlns=\"http:\/\/www.w3.org\/2000\/svg\"><path d=\"M256 8c137 0 248 111 248 248S393 504 256 504 8 393 8 256 119 8 256 8zm-28.9 143.6l75.5 72.4H120c-13.3 0-24 10.7-24 24v16c0 13.3 10.7 24 24 24h182.6l-75.5 72.4c-9.7 9.3-9.9 24.8-.4 34.3l11 10.9c9.4 9.4 24.6 9.4 33.9 0L404.3 273c9.4-9.4 9.4-24.6 0-33.9L271.6 106.3c-9.4-9.4-24.6-9.4-33.9 0l-11 10.9c-9.5 9.6-9.3 25.1.4 34.4z\"\/><\/svg>&nbsp; Weiterlesen<\/a><\/p>","protected":false},"author":1,"featured_media":400,"parent":18,"menu_order":0,"comment_status":"closed","ping_status":"closed","template":"","meta":{"footnotes":""},"class_list":["post-343","page","type-page","status-publish","has-post-thumbnail","hentry"],"aioseo_notices":[],"_links":{"self":[{"href":"https:\/\/hellwage-kommunikation.de\/en\/wp-json\/wp\/v2\/pages\/343","targetHints":{"allow":["GET"]}}],"collection":[{"href":"https:\/\/hellwage-kommunikation.de\/en\/wp-json\/wp\/v2\/pages"}],"about":[{"href":"https:\/\/hellwage-kommunikation.de\/en\/wp-json\/wp\/v2\/types\/page"}],"author":[{"embeddable":true,"href":"https:\/\/hellwage-kommunikation.de\/en\/wp-json\/wp\/v2\/users\/1"}],"replies":[{"embeddable":true,"href":"https:\/\/hellwage-kommunikation.de\/en\/wp-json\/wp\/v2\/comments?post=343"}],"version-history":[{"count":21,"href":"https:\/\/hellwage-kommunikation.de\/en\/wp-json\/wp\/v2\/pages\/343\/revisions"}],"predecessor-version":[{"id":447,"href":"https:\/\/hellwage-kommunikation.de\/en\/wp-json\/wp\/v2\/pages\/343\/revisions\/447"}],"up":[{"embeddable":true,"href":"https:\/\/hellwage-kommunikation.de\/en\/wp-json\/wp\/v2\/pages\/18"}],"wp:featuredmedia":[{"embeddable":true,"href":"https:\/\/hellwage-kommunikation.de\/en\/wp-json\/wp\/v2\/media\/400"}],"wp:attachment":[{"href":"https:\/\/hellwage-kommunikation.de\/en\/wp-json\/wp\/v2\/media?parent=343"}],"curies":[{"name":"wp","href":"https:\/\/api.w.org\/{rel}","templated":true}]}}