{"id":375,"date":"2025-05-24T12:16:04","date_gmt":"2025-05-24T10:16:04","guid":{"rendered":"http:\/\/localhost:8888\/?page_id=375"},"modified":"2025-06-24T11:13:03","modified_gmt":"2025-06-24T09:13:03","slug":"workshops","status":"publish","type":"page","link":"https:\/\/hellwage-kommunikation.de\/en\/service\/workshops\/","title":{"rendered":"Workshops"},"content":{"rendered":"<h2 class=\"wp-block-heading\">Sharpen your communication \u2013 <br>from idea to impactful message<\/h2>\n\n\n\n<p>Whether you're launching a startup, research project, or solo venture \u2013 if you want to win people over, your message must be clear and compelling. In my workshops, founders and project teams learn how to use language, structure, and storytelling to communicate persuasively in proposals, on websites, during pitches, in funder conversations, and while shaping marketing strategies.<\/p>\n\n\n\n<p>These practical, hands-on formats can be booked flexibly online or in person, in German or English. Each format includes interactive exercises, real-world examples from startup practice, and tools you can immediately use in your communication work. Optional follow-up coaching is available on request.<\/p>\n\n\n\n<h3 class=\"wp-block-heading\">Workshop topics at a glance<\/h3>\n\n\n\n<ul class=\"wp-block-list\">\n<li>Positioning, market analysis &amp; understanding your target audience<\/li>\n\n\n\n<li>Science communication for spin-offs &amp; EXIST-funded projects<\/li>\n\n\n\n<li>Storytelling for technology-driven startups<\/li>\n\n\n\n<li>Funding logic &amp; proposal communication<\/li>\n\n\n\n<li>Communication planning &amp; brand development for startups<\/li>\n<\/ul>\n\n\n\n<p><\/p>","protected":false},"excerpt":{"rendered":"<p>Kommunikation trainieren &#8211; von der Idee zur \u00fcberzeugenden Botschaft Ob Start-up, Forschungsprojekt oder Solo-Gr\u00fcndung: Wer andere f\u00fcr seine Idee gewinnen will, muss sie verst\u00e4ndlich und wirksam kommunizieren. In meinen Workshops lernen Gr\u00fcnder:innen und Projektteams, wie&#8230; &nbsp; <a class=\"read-more\" style=\"text-decoration: none;font-weight: 700;\" href=\"https:\/\/hellwage-kommunikation.de\/en\/service\/workshops\/\"><svg fill=\"#BEA500\" width=\"12px\" height=\"12px\" viewbox=\"0 0 512 512\" xmlns=\"http:\/\/www.w3.org\/2000\/svg\"><path d=\"M256 8c137 0 248 111 248 248S393 504 256 504 8 393 8 256 119 8 256 8zm-28.9 143.6l75.5 72.4H120c-13.3 0-24 10.7-24 24v16c0 13.3 10.7 24 24 24h182.6l-75.5 72.4c-9.7 9.3-9.9 24.8-.4 34.3l11 10.9c9.4 9.4 24.6 9.4 33.9 0L404.3 273c9.4-9.4 9.4-24.6 0-33.9L271.6 106.3c-9.4-9.4-24.6-9.4-33.9 0l-11 10.9c-9.5 9.6-9.3 25.1.4 34.4z\"\/><\/svg>&nbsp; Weiterlesen<\/a><\/p>","protected":false},"author":1,"featured_media":397,"parent":18,"menu_order":0,"comment_status":"closed","ping_status":"closed","template":"","meta":{"footnotes":""},"class_list":["post-375","page","type-page","status-publish","has-post-thumbnail","hentry"],"aioseo_notices":[],"_links":{"self":[{"href":"https:\/\/hellwage-kommunikation.de\/en\/wp-json\/wp\/v2\/pages\/375","targetHints":{"allow":["GET"]}}],"collection":[{"href":"https:\/\/hellwage-kommunikation.de\/en\/wp-json\/wp\/v2\/pages"}],"about":[{"href":"https:\/\/hellwage-kommunikation.de\/en\/wp-json\/wp\/v2\/types\/page"}],"author":[{"embeddable":true,"href":"https:\/\/hellwage-kommunikation.de\/en\/wp-json\/wp\/v2\/users\/1"}],"replies":[{"embeddable":true,"href":"https:\/\/hellwage-kommunikation.de\/en\/wp-json\/wp\/v2\/comments?post=375"}],"version-history":[{"count":3,"href":"https:\/\/hellwage-kommunikation.de\/en\/wp-json\/wp\/v2\/pages\/375\/revisions"}],"predecessor-version":[{"id":431,"href":"https:\/\/hellwage-kommunikation.de\/en\/wp-json\/wp\/v2\/pages\/375\/revisions\/431"}],"up":[{"embeddable":true,"href":"https:\/\/hellwage-kommunikation.de\/en\/wp-json\/wp\/v2\/pages\/18"}],"wp:featuredmedia":[{"embeddable":true,"href":"https:\/\/hellwage-kommunikation.de\/en\/wp-json\/wp\/v2\/media\/397"}],"wp:attachment":[{"href":"https:\/\/hellwage-kommunikation.de\/en\/wp-json\/wp\/v2\/media?parent=375"}],"curies":[{"name":"wp","href":"https:\/\/api.w.org\/{rel}","templated":true}]}}